{"id":2834,"date":"2016-01-21T17:15:33","date_gmt":"2016-01-21T16:15:33","guid":{"rendered":"https:\/\/paradoxtime.com\/en\/ideas\/"},"modified":"2016-04-17T12:20:48","modified_gmt":"2016-04-17T10:20:48","slug":"ideas","status":"publish","type":"page","link":"https:\/\/paradoxtime.com\/en\/ideas\/","title":{"rendered":"Ideen"},"content":{"rendered":"<div class=\"wpb-content-wrapper\"><p>[vc_row type=&#8221;container&#8221; padding_top=&#8221;&#8221; padding_bottom=&#8221;&#8221; el_id=&#8221;no-border-spacer&#8221;][vc_column][vc_row_inner el_class=&#8221;prcnt_border&#8221;][vc_column_inner width=&#8221;1\/3&#8243;][vc_column_text css=&#8221;.vc_custom_1460888483517{padding-top: 35px !important;}&#8221;]<\/p>\n<h3><span style=\"color: #ffffff;\"><b>DEUTSCH<\/b><\/span><br \/>\n<b>PARADOX mit Ideen: <\/b><\/h3>\n<p>Zeit f\u00fcr ein Entspannungsbad<br \/>\nIdeal f\u00fcr die meditative Auszeit<br \/>\nMotivierend beim t\u00e4glichen \u00dcben eines Musikinstruments<br \/>\nGeeignete Einheit f\u00fcr den Hometrainer<br \/>\nTimer f\u00fcr Onlinegaming f\u00fcr Jugendliche<br \/>\nTimer f\u00fcr Vorlesezeit \/ Gute-Nacht-Geschichte<br \/>\nFernsehzeit f\u00fcr Kinder<br \/>\nReservierte Zeit f\u00fcrs Vokabellernen<br \/>\nEinheit f\u00fcr Krafttraining<br \/>\nTimer f\u00fcr Pr\u00e4sentationen, Vortr\u00e4ge, Referate<br \/>\nIdeal f\u00fcr die morgendliche Fitnesseinheit<br \/>\nDie ungew\u00f6hnliche Eieruhr<br \/>\nMotiviert Grundsch\u00fcler bei Schreib- und Lese\u00fcbungen<br \/>\nDie Ersatzsanduhr f\u00fcr Gesellschaftsspiele<br \/>\nF\u00fcr die kleine B\u00fcropause \/ Bildschirmpause<br \/>\nAttraktives Deko- und Designobjekt<br \/>\nEdler Timer f\u00fcr die Zahnhygiene[\/vc_column_text][\/vc_column_inner][vc_column_inner width=&#8221;1\/3&#8243;][vc_column_text css=&#8221;.vc_custom_1455638366485{padding-top: 35px !important;}&#8221;]<\/p>\n<h3><span style=\"color: #ffffff;\"><b>ENGLISH<\/b><\/span><br \/>\n<b>Ideas<\/b> <b>for<\/b><b> PARADOX: <\/b><\/h3>\n<p>Time for a relaxing bath<br \/>\nIdeal for meditative downtime<br \/>\nMotivation for practicing a musical instrument daily<br \/>\nSuitable for the home trainer<br \/>\nTimer for online gaming by youths<br \/>\nTimer for reading time \/ good night story<br \/>\nTelevision time for children<br \/>\nSets aside time for learning vocabulary<br \/>\nUnit for strength training<br \/>\nTimer for presentations, speeches, lectures<br \/>\nIdeal for morning fitness training<br \/>\nThe unusual egg timer<br \/>\nMotivates elementary school students during writing and reading exercises<br \/>\nThe replacement hourglass for parlour games<br \/>\nFor short breaks at the office \/ away from the screen<br \/>\nAttractive decorative and design object<br \/>\nClassy timer for dental hygiene[\/vc_column_text][\/vc_column_inner][vc_column_inner width=&#8221;1\/3&#8243;][vc_column_text css=&#8221;.vc_custom_1455638412887{padding-top: 35px !important;}&#8221;]<\/p>\n<h3><b><span style=\"color: #ffffff;\">FRANCAIS<\/span> <\/b><b><br \/>\n<\/b><b>Des <\/b><b>id\u00e9es<\/b> <b>pour<\/b> <b>PARADOX: <\/b><\/h3>\n<p>Le temps d\u2019un bain relaxant<br \/>\nId\u00e9al pour la pause m\u00e9ditative<br \/>\nMotivant pour s\u2019exercer quotidiennement \u00e0 un instrument de musique<br \/>\nL\u2019unit\u00e9 adapt\u00e9e pour le hometrainer<br \/>\nLe minuteur pour les jeux en ligne pour les jeunes<br \/>\nLe minuteur pour la lecture \u00e0 haute voix \/ l\u2019histoire pour s\u2019endormir<br \/>\nL\u2019heure de la t\u00e9l\u00e9 pour les enfants<br \/>\nLe temps r\u00e9serv\u00e9 pour l\u2019apprentissage du vocabulaire<br \/>\nL\u2019unit\u00e9 adapt\u00e9e pour la musculation<br \/>\nLe minuteur pour des pr\u00e9sentations, des conf\u00e9rences, des expos\u00e9s<br \/>\nId\u00e9al pour la s\u00e9ance de fitness du matin<br \/>\nLe minuteur insolite<br \/>\n\u00c9coliers motiv\u00e9s pour les exercices de lecture et d\u2019\u00e9criture<br \/>\nLe sablier de remplacement pour jeux de soci\u00e9t\u00e9s<br \/>\nPour la petite pause au bureau \/ la pause \u00e9cran<br \/>\nUn objet d\u00e9co et design attrayant<br \/>\nLe minuteur \u00e9l\u00e9gant pour l\u2019hygi\u00e8ne dentaire[\/vc_column_text][\/vc_column_inner][\/vc_row_inner][vc_row_inner el_class=&#8221;prcnt_border&#8221;][vc_column_inner width=&#8221;1\/3&#8243;][vc_column_text css=&#8221;.vc_custom_1455638441145{padding-top: 35px !important;}&#8221;]<\/p>\n<h3><span style=\"color: #ffffff;\"><b>ITALIOANO<\/b><\/span><br \/>\n<b>Idee per PARADOX<\/b><b>: <\/b><\/h3>\n<p>Tempo per un bagno rilassante<br \/>\nIdeale per il tempo dedicato alla meditazione<br \/>\nMotivante durante la pratica quotidiana di uno strumento musicale.<br \/>\nUnit\u00e0 indicata per gli insegnanti privati<br \/>\nTimer per i giochi online dei giovani<br \/>\nTimer per il tempo di lettura ad alta voce \/ storie della buonanotte<br \/>\nTempo per la televisione dei bambini<br \/>\nTempo riservato all&#8217;apprendimento dei vocaboli<br \/>\nUnit\u00e0 per allenare la forza<br \/>\nTimer per presentazioni, conferenze, relazioni<br \/>\nIdeale per la sessione di fitness al mattino<br \/>\nIl singolare contaminuti per le uova<br \/>\nMotiva gli studenti delle scuole elementari per gli esercizi di scrittura e lettura<br \/>\nLa clessidra di riserva per i giochi di societ\u00e0<br \/>\nPer la piccola pausa in ufficio \/ dal computer<br \/>\nOggetto decorativo e di design accattivante<br \/>\nTimer elegante per l&#8217;igiene dei denti[\/vc_column_text][\/vc_column_inner][vc_column_inner width=&#8221;1\/3&#8243;][vc_column_text css=&#8221;.vc_custom_1455638458527{padding-top: 35px !important;}&#8221;]<\/p>\n<h3><span style=\"color: #ffffff;\"><b>PORTUGU\u00caS <\/b><\/span><br \/>\n<b>Ideias<\/b> <b>para<\/b><b> PARADOX: <\/b><\/h3>\n<p>Tempo para um banho relaxante<br \/>\nIdeal para a pausa da medita\u00e7\u00e3o<br \/>\nMotivante no ensaio di\u00e1rio de um instrumento musical<br \/>\nUnidade adequada para o aparelho de gin\u00e1stica em casa<br \/>\nTemporizador para os jogos online para os jovens<br \/>\nTemporizador para o tempo de leitura \/ hist\u00f3ria de boa-noite<br \/>\nTempo de ver televis\u00e3o para crian\u00e7as<br \/>\nTempo reservado para aprender voc\u00e1bulos<br \/>\nUnidade para o exerc\u00edcio<br \/>\nTemporizador para apresenta\u00e7\u00f5es, confer\u00eancias, discursos<br \/>\nIdeal para a unidade de fitness matinal<br \/>\nO temporizador de ovos invulgar<br \/>\nMotiva os alunos do ensino b\u00e1sico para os exerc\u00edcios de escrita e leitura<br \/>\nA ampulheta alternativa para jogos de tabuleiro<br \/>\nPara a pequena pausa no escrit\u00f3rio \/ do monitor<br \/>\nObjeto decorativo e de design atrativo<br \/>\nTemporizador elegante para a higiene dent\u00e1ria[\/vc_column_text][\/vc_column_inner][vc_column_inner width=&#8221;1\/3&#8243;][vc_column_text css=&#8221;.vc_custom_1455638478311{padding-top: 35px !important;}&#8221;]<\/p>\n<h3><span style=\"color: #ffffff;\"><b>ESPANOL<\/b><\/span><b><br \/>\n<\/b><b>Ideas<\/b> <b>para<\/b><b> PARADOX: <\/b><\/h3>\n<p>Tiempo para un ba\u00f1o relajante<br \/>\nIdeal para el tiempo libre de meditaci\u00f3n<br \/>\nMotivador en la pr\u00e1ctica diaria de un instrumento musical<br \/>\nUnidad adecuada para el que se entrena en casa<br \/>\nTemporizador para juegos en l\u00ednea para j\u00f3venes<br \/>\nTemporizador para la hora de leer en voz alta\/el cuento para dormir<br \/>\nTiempo para ver televisi\u00f3n de los ni\u00f1os<br \/>\nTiempo reservado para aprender vocablos<br \/>\nUnidad para entrenamiento de fuerza<br \/>\nTemporizador para presentaciones, conferencias, ponencias<br \/>\nIdeal para el periodo de ejercicio matutino<br \/>\nEl original reloj para cocer huevos<br \/>\nMotiva a los estudiantes en sus ejercicios de escritura y lectura<br \/>\nSustituye al reloj de arena en los juegos de mesa<br \/>\nPara la peque\u00f1a pausa en la oficina\/pausa del monitor<br \/>\nAtractivo objeto decorativo y de dise\u00f1o<br \/>\nElegante temporizador para la higiene dental[\/vc_column_text][\/vc_column_inner][\/vc_row_inner][\/vc_column][\/vc_row]<\/p>\n<\/div>","protected":false},"excerpt":{"rendered":"<p>[vc_row type=&#8221;container&#8221; padding_top=&#8221;&#8221; padding_bottom=&#8221;&#8221; el_id=&#8221;no-border-spacer&#8221;][vc_column][vc_row_inner el_class=&#8221;prcnt_border&#8221;][vc_column_inner width=&#8221;1\/3&#8243;][vc_column_text css=&#8221;.vc_custom_1460888483517{padding-top: 35px !important;}&#8221;] DEUTSCH PARADOX mit Ideen: Zeit f\u00fcr ein Entspannungsbad Ideal f\u00fcr die meditative Auszeit Motivierend beim t\u00e4glichen \u00dcben eines Musikinstruments Geeignete Einheit f\u00fcr den Hometrainer Timer f\u00fcr Onlinegaming f\u00fcr Jugendliche Timer f\u00fcr Vorlesezeit \/ Gute-Nacht-Geschichte Fernsehzeit f\u00fcr Kinder Reservierte Zeit f\u00fcrs Vokabellernen Einheit f\u00fcr Krafttraining Timer [&hellip;]<\/p>\n","protected":false},"author":1,"featured_media":0,"parent":0,"menu_order":1,"comment_status":"closed","ping_status":"closed","template":"page-full-width.php","meta":{"_acf_changed":false,"footnotes":""},"class_list":["post-2834","page","type-page","status-publish","hentry"],"acf":[],"_links":{"self":[{"href":"https:\/\/paradoxtime.com\/en\/wp-json\/wp\/v2\/pages\/2834","targetHints":{"allow":["GET"]}}],"collection":[{"href":"https:\/\/paradoxtime.com\/en\/wp-json\/wp\/v2\/pages"}],"about":[{"href":"https:\/\/paradoxtime.com\/en\/wp-json\/wp\/v2\/types\/page"}],"author":[{"embeddable":true,"href":"https:\/\/paradoxtime.com\/en\/wp-json\/wp\/v2\/users\/1"}],"replies":[{"embeddable":true,"href":"https:\/\/paradoxtime.com\/en\/wp-json\/wp\/v2\/comments?post=2834"}],"version-history":[{"count":0,"href":"https:\/\/paradoxtime.com\/en\/wp-json\/wp\/v2\/pages\/2834\/revisions"}],"wp:attachment":[{"href":"https:\/\/paradoxtime.com\/en\/wp-json\/wp\/v2\/media?parent=2834"}],"curies":[{"name":"wp","href":"https:\/\/api.w.org\/{rel}","templated":true}]}}