{"id":2797,"date":"2016-01-22T10:32:49","date_gmt":"2016-01-22T09:32:49","guid":{"rendered":"https:\/\/paradoxtime.com\/en\/info\/impressum\/"},"modified":"2018-12-10T10:12:33","modified_gmt":"2018-12-10T09:12:33","slug":"impressum","status":"publish","type":"page","link":"https:\/\/paradoxtime.com\/en\/info\/imprint","title":{"rendered":"Imprint"},"content":{"rendered":"<div class=\"wpb-content-wrapper\"><p>[vc_row type=&#8221;container&#8221; padding_top=&#8221;&#8221; padding_bottom=&#8221;&#8221; el_class=&#8221;info-inner-head&#8221;][vc_column][vc_row_inner el_class=&#8221;info-page-container&#8221;][vc_column_inner][vc_raw_html]JTNDaW1nJTIwc3JjJTNEJTIyJTJGd3AtY29udGVudCUyRnRoZW1lcyUyRmFkcmVuYWxpbi1jaGlsZCUyRmltZyUyRjRldmEucG5nJTIyJTIwc3R5bGUlM0QlMjJwYWRkaW5nLWJvdHRvbSUzQTVweCUzQiUyMiUyMGFsdCUzRCUyMiUyMiUyMCUyRiUzRSUwQSUzQ3NwYW4lMjBjbGFzcyUzRCUyMmJsYWNrLXBhZ2Utc3VidGl0bGUlMjB3aGl0ZS10ZXh0JTIyJTNFSU1QUklOVCUyMCUyRiUyME9wZXJhdG9yJTNDJTJGc3BhbiUzRQ==[\/vc_raw_html][\/vc_column_inner][\/vc_row_inner][\/vc_column][\/vc_row][vc_row type=&#8221;container&#8221; padding_top=&#8221;&#8221; padding_bottom=&#8221;&#8221; el_class=&#8221;info-page-container small-center-img info-page-main&#8221; css=&#8221;.vc_custom_1453917954808{padding-top: 30px !important;}&#8221;][vc_column][vc_row_inner][vc_column_inner][vc_column_text]4everTREND GmbH<\/p>\n<p><b>Registered Office:<\/b><\/p>\n<p>Sch\u00f6nstra\u00dfe 10<br \/>\n81543 M\u00fcnchen<br \/>\nGermany<br \/>\nTelefon: +49 (0)89 &#8211; 630 205 300<br \/>\nTelefax: +49 (0)89 &#8211;\u00a0630 205 101<\/p>\n<p>E-Mail: <a class=\"normal-link\" href=\"mailto:info@4evertrend.com\">info@4evertrend.com<\/a><br \/>\nInternet: <a class=\"normal-link\" href=\"http:\/\/www.paradoxtime.com\">www.paradoxtime.com<\/a><br \/>\nManagement: Yehoshua Chmiel, Roland Fein<\/p>\n<p>Commercial registry: Amtsgericht M\u00fcnchen<br \/>\nRegistriy number: HRB 166026<\/p>\n<p>VAT number: DE 814 805 053<\/p>\n<p><b>Content of the online offer<\/b><\/p>\n<p>The content contained in this web-site may be supplemented, changed or deleted without prior notice. 4everTREND GmbH expressly reserves the right to temporarily or permanently discontinue publication. Our offers are subject to confirmation and are non-binding.<\/p>\n<p><b>Liability and warranty disclaimer<\/b><\/p>\n<p>No guarantee for the timeliness, correctness, completeness or quality of the information contained in the Internet site is assumed. 4everTREND GmbH assumes no liability for the completeness, accuracy and timeliness. All information is intended solely for the information of visitors to this site and the offers contained herein. Moreover, the liability is limited to intent and gross negligence. Liability for consequential damages and lost profits is excluded for slight negligence.<\/p>\n<p><b>Disclaimer for references and links<\/b><\/p>\n<p>4everTREND GmbH distances itself explicitly from the contents in the scope of its offer made available by external websites by hyperlink or in any other way. We have no control over the content of these sites and therefore can assume no warranty for the correctness, legality, completeness or availability of external content. We hereby expressly distance ourselves from any and all content of all linked pages of third parties and do not claim their content as our own. This declaration applies to all links and for all contents of pages to which the links lead. For illegal, incorrect or incomplete contents and for damages resulting from the use of external information, solely the provider of the page to which reference was made is liable.<\/p>\n<p><strong>Online-Dispute-Resolution-Platform<\/strong><\/p>\n<p>As the law stands we are obliged to point to our customers that there is a new platform for online-dispute-resolutions, which should help to find an out-of-court settlement. \u00a0Responsible for this platform is the European Commission. Please click here: <a href=\"http:\/\/ec.europa.eu\/odr\">http:\/\/ec.europa.eu\/odr<\/a><\/p>\n<p><b>Copyrights and trademarks<\/b><\/p>\n<p>This website and its contents are subject to copyright. This applies to their structure and all contained functions, information, data, text, image and audio materials and all components used for the functionality of this website. The users may use the content in the context of the functionality of websites for their own, personal use. Any further use without express consent is prohibited. All rights to the content of this website or parts thereof are reserved.<\/p>\n<p>All published photos on this website are protected by copyright. Any use is subject to permission of the entitled person.<\/p>\n<p>Sources for WEB Concept-und Design:<br \/>\n\u00a9 2015 by 4everTREND GmbH, Munich. ALL RIGHTS RESERVED.<br \/>\nSpecial thanks for texting by COMLAB.Dipl.sc.pol. Leo Sucharewicz, Munich\/ www.comlab.de.<\/p>\n<p><b>Sources for photos:<\/b><br \/>\nSpecial thanks for PARADOX IMAGE PHOTOS created by<br \/>\n<img decoding=\"async\" src=\"\/wp-content\/uploads\/2016\/01\/dan_s-1.png\" alt=\"\" \/><a class=\"normal-link\" href=\"http:\/\/www.d-s-photo.com\">www.d-s-photo.com<\/a><\/p>\n<p><b>Sources for videos:<\/b><br \/>\nkickstarter-Video: \u00a9 Magallfilms, Ya&#8217;ir Magall, M\u00fcnchen, www.magallfilms.de<\/p>\n<p>Special thanks for footage license by Pond5 Inc. NYC \/ USA<br \/>\n<img decoding=\"async\" src=\"\/wp-content\/uploads\/2016\/01\/pond.png\" alt=\"\" \/><a class=\"normal-link\" href=\"http:\/\/www.pond5.com\">www.pond5.com<\/a><\/p>\n<p>\u00a9 jenlaska\/ A Smart Young Lady Looks Straightly With Her Blue Eyes And Grins \/ pond5.com<br \/>\n\u00a9 bote\/ Amazing GuellPark in Barcelona, Spain \/ pond5.com<br \/>\n\u00a9 Saracin\/ Ballett \/ pond5.com<br \/>\n\u00a9 padamsphoto\/ Carousel Moving With ColourfulWooden Horses, London England \/ pond5.com<br \/>\n\u00a9 TidepoolStock\/ Cars And Bikes Next To Amsterdam Canal \/ pond5.com<br \/>\n\u00a9 zefart\/ Christmas lights and London buses at the station on busy Oxford Street London \/ pond5.com<br \/>\n\u00a9 alejandromcb\/ CoupleDancing Tango In Buenos Aires \/ pond5.com<br \/>\n\u00a9 leinmaginipond5 \/ Cows on the Alps. Summer pasture \/ pond5.com<br \/>\n\u00a9 fotageforpro\/ East Side Gallery, Berlin \/ pond5.com<br \/>\n\u00a9 silverjohn\/ ElectricGuitar \/ pond5.com<br \/>\n\u00a9 faraways\/ Fish Food Boats in Istanbul, Seamless Loop \/ pond5.com<br \/>\n\u00a9 RickRay\/ Fishing boats bob in the waves at the beautiful and historic fishing village of Byblos on the coast of Lebanon \/ pond5.com<br \/>\n\u00a9 cm2012 \/ Golden bridgePont Alexandre in Paris \/ pond5.com<br \/>\n\u00a9 ivanves\/ JapaneseCrabappleBlossoming\/ pond5.com<br \/>\n\u00a9 Spotmatik\/ Motion Time Lapse Matterhorn Peak view of Banner Cloud, Zermatt \/ pond5.com<br \/>\n\u00a9 SweetFilms\/ Needle On Vinyl Record Player \/ pond5.com<br \/>\n\u00a9 VIAfilms\/ New York City, NY -October 26, 2012: Aerial shot of New York Harbor and skyline \/ pond5.com<br \/>\n\u00a9 airplanemedia\/ Surfing on river\/ pond5.com<br \/>\n\u00a9 videodream\/ Particular On Hand Of A Woman In Meditation On The Beach: Yoga Position \/ pond5.com<br \/>\n\u00a9 NikitalMaykov\/ Piazza del Popolo. Rome, Italy\/ pond5.com<br \/>\n\u00a9 motion_Poland\/ Portrait Of Happy Young Man In The City \/ pond5.com<br \/>\n\u00a9 Subbotina\/ PouringHealthyTea \/ pond5.com<br \/>\n\u00a9 animix\/ Sculpture\/ pond5.com<br \/>\n\u00a9 andrezeif\/ SleighRide \/ pond5.com<br \/>\n\u00a9 eurovideos\/ Tokyo, Japan \/ pond5.com<br \/>\n\u00a9 flun\/ People fly in the wind tunnel\/ pond5.com<br \/>\n\u00a9 multifocus\/ Wall Street World Map -Graffiti artist expressing himself by drawing on the wall \/ pond5.com<br \/>\n\u00a9 mental3d \/ White Eggs Loopable\/ pond5.com<br \/>\n\u00a9 nda\/ A Man Floating in the Dead Sea2 \/ pond5.com<br \/>\n\u00a9 nezeon\/ World Map \/ pond5.com<br \/>\n\u00a9 LittleCuckoo\/ Shopping Cart Icon \/ pond5.com<br \/>\n\u00a9 hotelfoxtrot\/ Business Team \/ pond5.com<br \/>\n\u00a9 NDA \/ A Man floating in the dead sea 2 \/ pond5.com<br \/>\n\u00a9 oneclearvision\/ Animated whiteboard flow chart showing how an idea can spread virally \/ pond5.com<br \/>\n\u00a9 KilltheNoise\/ A spinning steadicamshot around the statue in LOVE park in Philadelphia, PA. \/ pond5.com<br \/>\n\u00a9 fotospirale\/ BBQ time barbecue with meat and vegetables \/ pond5.com<\/p>\n<p>&nbsp;<\/p>\n<p>\u00a9 2013-2016 by 4everTREND GmbH M\u00fcnchen. All rights reserved.[\/vc_column_text][\/vc_column_inner][\/vc_row_inner][\/vc_column][\/vc_row][vc_row type=&#8221;container&#8221; padding_top=&#8221;&#8221; padding_bottom=&#8221;&#8221;][vc_column][vc_widget_sidebar sidebar_id=&#8221;sidebar-1&#8243; el_class=&#8221;footer-box megamenu2 menu-full-width&#8221;][\/vc_column][\/vc_row]<\/p>\n<\/div>","protected":false},"excerpt":{"rendered":"<p>[vc_row type=&#8221;container&#8221; padding_top=&#8221;&#8221; padding_bottom=&#8221;&#8221; el_class=&#8221;info-inner-head&#8221;][vc_column][vc_row_inner el_class=&#8221;info-page-container&#8221;][vc_column_inner][vc_raw_html]JTNDaW1nJTIwc3JjJTNEJTIyJTJGd3AtY29udGVudCUyRnRoZW1lcyUyRmFkcmVuYWxpbi1jaGlsZCUyRmltZyUyRjRldmEucG5nJTIyJTIwc3R5bGUlM0QlMjJwYWRkaW5nLWJvdHRvbSUzQTVweCUzQiUyMiUyMGFsdCUzRCUyMiUyMiUyMCUyRiUzRSUwQSUzQ3NwYW4lMjBjbGFzcyUzRCUyMmJsYWNrLXBhZ2Utc3VidGl0bGUlMjB3aGl0ZS10ZXh0JTIyJTNFSU1QUklOVCUyMCUyRiUyME9wZXJhdG9yJTNDJTJGc3BhbiUzRQ==[\/vc_raw_html][\/vc_column_inner][\/vc_row_inner][\/vc_column][\/vc_row][vc_row type=&#8221;container&#8221; padding_top=&#8221;&#8221; padding_bottom=&#8221;&#8221; el_class=&#8221;info-page-container small-center-img info-page-main&#8221; css=&#8221;.vc_custom_1453917954808{padding-top: 30px !important;}&#8221;][vc_column][vc_row_inner][vc_column_inner][vc_column_text]4everTREND GmbH Registered Office: Sch\u00f6nstra\u00dfe 10 81543 M\u00fcnchen Germany Telefon: +49 (0)89 &#8211; 630 205 300 Telefax: +49 (0)89 &#8211;\u00a0630 205 101 E-Mail: info@4evertrend.com Internet: www.paradoxtime.com Management: Yehoshua Chmiel, Roland Fein Commercial registry: Amtsgericht M\u00fcnchen Registriy number: HRB 166026 VAT number: [&hellip;]<\/p>\n","protected":false},"author":1,"featured_media":0,"parent":2660,"menu_order":0,"comment_status":"closed","ping_status":"closed","template":"page-full-width.php","meta":{"_acf_changed":false,"footnotes":""},"class_list":["post-2797","page","type-page","status-publish","hentry"],"acf":[],"_links":{"self":[{"href":"https:\/\/paradoxtime.com\/en\/wp-json\/wp\/v2\/pages\/2797","targetHints":{"allow":["GET"]}}],"collection":[{"href":"https:\/\/paradoxtime.com\/en\/wp-json\/wp\/v2\/pages"}],"about":[{"href":"https:\/\/paradoxtime.com\/en\/wp-json\/wp\/v2\/types\/page"}],"author":[{"embeddable":true,"href":"https:\/\/paradoxtime.com\/en\/wp-json\/wp\/v2\/users\/1"}],"replies":[{"embeddable":true,"href":"https:\/\/paradoxtime.com\/en\/wp-json\/wp\/v2\/comments?post=2797"}],"version-history":[{"count":6,"href":"https:\/\/paradoxtime.com\/en\/wp-json\/wp\/v2\/pages\/2797\/revisions"}],"predecessor-version":[{"id":7988,"href":"https:\/\/paradoxtime.com\/en\/wp-json\/wp\/v2\/pages\/2797\/revisions\/7988"}],"up":[{"embeddable":true,"href":"https:\/\/paradoxtime.com\/en\/wp-json\/wp\/v2\/pages\/2660"}],"wp:attachment":[{"href":"https:\/\/paradoxtime.com\/en\/wp-json\/wp\/v2\/media?parent=2797"}],"curies":[{"name":"wp","href":"https:\/\/api.w.org\/{rel}","templated":true}]}}