{"id":2795,"date":"2016-01-22T10:31:52","date_gmt":"2016-01-22T09:31:52","guid":{"rendered":"https:\/\/paradoxtime.com\/en\/info\/shipping-2\/"},"modified":"2018-06-04T13:51:37","modified_gmt":"2018-06-04T11:51:37","slug":"shipping-2-2","status":"publish","type":"page","link":"https:\/\/paradoxtime.com\/en\/info\/4evertrend\/dataprotection","title":{"rendered":"Data protection"},"content":{"rendered":"<div class=\"wpb-content-wrapper\"><p>[vc_row type=&#8221;container&#8221; padding_top=&#8221;&#8221; padding_bottom=&#8221;&#8221; el_class=&#8221;info-inner-head&#8221;][vc_column][vc_row_inner el_class=&#8221;info-page-container&#8221;][vc_column_inner][vc_column_text]<span class=\"black-page-title\">DATA PROTECTION<\/span><br \/>\n<span class=\"black-page-subtitle white-text\">Data protection and privacy rights for<\/span>[\/vc_column_text][\/vc_column_inner][\/vc_row_inner][\/vc_column][\/vc_row][vc_row type=&#8221;container&#8221; padding_top=&#8221;&#8221; padding_bottom=&#8221;&#8221; el_class=&#8221;info-page-container small-center-img info-page-main&#8221; css=&#8221;.vc_custom_1453917954808{padding-top: 30px !important;}&#8221;][vc_column][vc_row_inner][vc_column_inner][vc_column_text]<span style=\"color: #333333;\">Data protection declaration of<\/span><\/p>\n<p><span style=\"color: #333333;\"><strong>4everTREND GmbH<\/strong><\/span><br \/>\n<span style=\"color: #808080;\"> Sch\u00f6nstra\u00dfe 10 | 81543 M\u00fcnchen<\/span><br \/>\n<span style=\"color: #808080;\"> Phone: +49 89 630205300<\/span><br \/>\n<span style=\"color: #808080;\"> E-Mail: info@4evertrend.com<\/span><\/p>\n<p><span style=\"color: #333333;\"><strong>Contact details of the data protection officer<\/strong><\/span><\/p>\n<p><span style=\"color: #808080;\">E-Mail: <a style=\"color: #808080;\" href=\"mailto:dsb@4evertrend.com\">dsb@4evertrend.com<\/a><\/span><br \/>\n<span style=\"color: #808080;\"> Phone: +49 89 630205300<\/span><\/p>\n<p><span style=\"color: #808080;\">Thank you for your interest in our company. Data protection has a very special significance for the management of <strong>4everTREND GmbH<\/strong>. In principle, our Internet pages can be used without providing personal data. If a data subject wishes to make use of certain offers from our company via our website, it may be necessary to process personal data. If the processing of personal data is necessary for us and there is no legal basis for this processing, we will obtain the consent of the data subject.<\/span><\/p>\n<p><span style=\"color: #808080;\">The processing of personal data, such as a person&#8217;s first and last name, home address, e-mail address or telephone number, is always carried out in accordance with the European General Data Potection Regulation and the German BDSG. With this data protection declaration, our company would like to inform about the type, purpose and scope of the personal data collected, used and processed by us. We also inform affected persons in this data protection declaration about their rights.<\/span><\/p>\n<p><span style=\"color: #808080;\">This privacy policy applies only to customers and users of our online services. This privacy policy does not apply if you apply for a job with us.<\/span><\/p>\n<p><span style=\"color: #333333;\"><strong>Explanation of terms<\/strong><\/span><\/p>\n<p><span style=\"color: #333333;\"><strong>Personal Information<\/strong><\/span><\/p>\n<p><span style=\"color: #808080;\">Personal data is any information that relates to an\u00a0<strong>identified or identifiable living individual<\/strong>. Different pieces of information, which collected together can lead to the identification of a particular person, also constitute personal data.<\/span><\/p>\n<p><span style=\"color: #333333;\"><strong>Controller<\/strong><\/span><\/p>\n<p><span style=\"color: #808080;\">The person responsible is the person who processes, collects or transmits the data of the data subject.<\/span><\/p>\n<p><span style=\"color: #333333;\"><strong>Technical aspects (server log files)<\/strong><\/span><\/p>\n<p><span style=\"color: #808080;\">Our web space provider collects data about every access to the offer (so-called server log files). These include: Name of the accessed website, file, date and time of access, amount of data transferred, notification of successful access, browser type and version, the user&#8217;s operating system, referrer URL (this is the previously visited page), IP address and the requesting provider. We use the log data only for statistical evaluations for the purpose of operation, security and optimisation of the offer. We reserve the right to check the log data subsequently if there is a justified suspicion of illegal use based on concrete evidence.<\/span><\/p>\n<p><span style=\"color: #333333;\"><strong>Handling of personal data<\/strong><\/span><\/p>\n<p><span style=\"color: #333333;\"><strong>Who receives your personal data?<\/strong><\/span><\/p>\n<p><span style=\"color: #808080;\">Within our company, those areas receive access to the personal data provided by you, which are necessary for the fulfilment of contractual and legal obligations and which are entitled to process this data.<\/span><\/p>\n<p><span style=\"color: #808080;\">In fulfilment of the contract concluded with you, we use, for example, shipping service providers, payment service providers, credit card companies and the like. Your data will also be passed on to the authorities that require it for legal reasons, e.g. tax authorities, social insurance carriers, competent authorities and courts.<\/span><\/p>\n<p><span style=\"color: #808080;\">Within the scope of our services, we commission contractors who contribute to the fulfilment of contractual obligations, e.g. computer centre service providers, EDP partners, document shredders etc.. These contractors are contractually bound by us to comply with the requirements of the GDPR and the BDSG.<\/span><\/p>\n<p><span style=\"color: #333333;\"><strong>Will the data you provide be transferred to third countries or international organisations?<\/strong><\/span><\/p>\n<p><span style=\"color: #808080;\">Under no circumstances will the data you provide be transferred to a third country or an international organisation. Should you wish to transfer the data you have provided to a third country or an international organisation in individual cases, we will only do so with your written consent.<\/span><\/p>\n<p><span style=\"color: #333333;\"><strong>Duration of processing (criteria for deletion)<\/strong><\/span><\/p>\n<p><span style=\"color: #808080;\">The data provided by you will be processed for as long as it is necessary to achieve the contractually agreed purpose, in principle as long as the contractual relationship with you exists. After termination of the contractual relationship, the data provided by you will be processed to comply with legal storage obligations or on the basis of our legitimate interests. After expiry of the legal retention periods and\/or the loss of our legitimate interests, the data provided by you will be deleted.<\/span><\/p>\n<p><span style=\"color: #333333;\"><strong>Expected periods of the storage obligations applicable to us and our legitimate interests:<\/strong><\/span><\/p>\n<ul>\n<li><span style=\"color: #808080;\">Fulfilment of commercial and tax storage obligations. The periods for storage and documentation specified there range from two to ten years.<\/span><\/li>\n<li><span style=\"color: #808080;\">Preservation of evidence under the statute of limitations. According to \u00a7\u00a7 195 ff. of the German Civil Code (BGB), these limitation periods can be up to 30 years, whereby the regular limitation period is three years.<\/span><\/li>\n<\/ul>\n<p><span style=\"color: #333333;\"><strong>Cookie usage<\/strong><\/span><\/p>\n<p><span style=\"color: #808080;\">A cookie is a small file that is stored on your computer or mobile device and retrieved by it at later accesses. We use cookies to optimize your visit to our pages. We never use cookies to store or pass on personal information to third parties.<\/span><\/p>\n<p><span style=\"color: #808080;\">There are two types of cookies: temporary (session cookies) and permanent cookies. Persistent cookies are stored on your computer or mobile device for up to twelve months. Session cookies are only temporarily stored and are automatically deleted when you close your browser session. We use persistent cookies, for example, to save your selection of the start page and your data if you selected the &#8220;Save data&#8221; option when logging in. We use session cookies to check whether you are logged in or whether you have placed an item in your shopping cart when using the product filter.<\/span><\/p>\n<p><span style=\"color: #808080;\">If you wish, you can easily remove cookies from your computer or mobile device using your browser settings. The Help menu of your browser will tell you how to delete cookies. However, you can also deactivate cookies or be notified whenever a new cookie is sent to your computer or mobile device. However, as cookies are sometimes necessary today for the use of Internet pages, we would like to point out that you may not be able to use all the functions of our site if you refuse cookies.<\/span><\/p>\n<p><span style=\"color: #333333;\"><strong>Third-party cookies<\/strong><\/span><\/p>\n<p><span style=\"color: #808080;\">We also use third party cookies to collect data using analysis tools such as Google Analytics. These are both permanent and session cookies. Persistent cookies are stored on your computer or mobile device for a maximum of 24 months.<\/span><\/p>\n<p><span style=\"color: #333333;\"><strong>Contact form integration<\/strong><\/span><\/p>\n<p><span style=\"color: #808080;\">When contacting us via contact form or e-mail, the user&#8217;s details for processing the request and in the event that follow-up questions arise are stored.<\/span><\/p>\n<p><span style=\"color: #333333;\"><strong>Existence of automated decision making<\/strong><\/span><\/p>\n<p><span style=\"color: #808080;\">As a responsible company, we do not use automatic decision-making or profiling.<\/span><\/p>\n<p><span style=\"color: #333333;\"><strong>Use of Google Analytics<\/strong><\/span><\/p>\n<p><span style=\"color: #808080;\">We use Google Analytics from Google Inc. &#8220;(&#8220;Google&#8221;). Google Analytics uses &#8220;cookies&#8221;. The information generated by the cookie about the use of this website by users is usually transferred to a Google server in the USA and stored there. However, when IP anonymisation is activated on our website, Google will reduce the IP addresses of users within Member States of the European Union or in other states party to the Agreement on the European Economic Area. Only in exceptional cases will the full IP address be transmitted to a Google server in the USA and shortened there. IP anonymization is active on this website. On our behalf, Google uses this information to evaluate the use of the website by users, to generate reports on website activity and to provide the website operator with other services relating to website and Internet use.<\/span><\/p>\n<p><span style=\"color: #808080;\">The IP address transmitted by Google Analytics from your browser is never merged with other Google data. If you wish, you can prevent the storage of cookies by setting your browser software accordingly. However, we would like to point out that in this case you may not be able to use all functions of this website in full. You can also prevent Google from collecting the data generated by the cookie and relating to your use of the website (including your IP address) and from processing this data by Google by downloading and installing the browser plug-in available under the following link: <a href=\"http:\/\/tools.google.com\/dlpage\/gaoptout?hl=de\" target=\"blank\">http:\/\/tools.google.com\/dlpage\/gaoptout?hl=de<\/a>.<\/span><\/p>\n<p><span style=\"color: #808080; display: none;\">As an alternative to the browser plug-in or for browsers on mobile devices, please click <a class=\"gaOptout\" href=\"#\">this link<\/a> to prevent Google Analytics from collecting data on this website in the future. An opt-out cookie is stored on your device. If you delete your cookies, you must click this link again.<\/span><\/p>\n<p><span style=\"color: #333333;\"><strong>Newsletter offer<\/strong><\/span><\/p>\n<p><span style=\"color: #808080;\">You can subscribe to our company newsletter on our website. The personal data transmitted when ordering the newsletter can be found in the order form for the newsletter. We inform our customers and business partners at regular intervals by means of a newsletter about offers from our company. For legal reasons, new subscribers to the newsletter will receive a confirmation e-mail in the double opt-in procedure to their registered e-mail address. This confirmation e-mail serves to check whether the owner of the e-mail address really wishes to receive the newsletter.<\/span><\/p>\n<p><span style=\"color: #808080;\">When registering for the newsletter, we store the IP address of the computer system used by the person concerned at the time of registration and the date and time of registration assigned by the Internet Service Provider (ISP). The storage of this data is necessary in order to be able to trace (possible) misuse of an e-mail address at a later point in time and therefore serves our legal protection. The personal data collected when registering for the newsletter will be used exclusively for sending the newsletter. Of course we do not pass your personal data on to third parties. An exception is the respective newsletter hoster. These can be e.g. CleverReach, Rapidmail and Mailchimp. These have their servers partly in America. The Privacy Shield ensures a level of data protection equivalent to that of the EU. We have concluded employment processing contracts with the providers to ensure that their personal data is handled in accordance with the regulations of the DSGVO.<\/span><\/p>\n<p><span style=\"color: #808080;\">You can cancel your subscription to our newsletter at any time. Your consent to the storage of your personal data for the newsletter dispatch can be revoked at any time. Each newsletter contains a link to revoke your consent. It is also possible to unsubscribe directly from the newsletter at any time by notifying us.<\/span><\/p>\n<p><span style=\"color: #333333;\"><strong>Payment method: PayPal, Startec and heidelpay privacy policy<\/strong><\/span><\/p>\n<p><span style=\"color: #808080;\">We have integrated components from PayPal, Startec and Heidelpay on this website. PayPal and Heidelpay are payment service providers. PayPal&#8217;s European operating company is PayPal (Europe) S.\u00e0.r.l. &amp; Cie. S.C.A., 22-24 Boulevard Royal, 2449 Luxembourg, Luxembourg.<\/span><\/p>\n<p><span style=\"color: #808080;\">heidelpay GmbH is an international payment institution within the meaning of the Payment Services Supervision Act (ZAG), approved and supervised by the Federal Financial Supervisory Authority (Register No. 122914). StarTec Payment &amp; Service GmbH Gotenstra\u00dfe 10, 20097 Hamburg is a service provider in the field of cashless payment.<\/span><\/p>\n<p><span style=\"color: #808080;\">If the person concerned selects &#8220;PayPal&#8221;, Startec or Heidelpay as a payment option in our online shop during the order process, the necessary data of the person concerned are automatically transmitted to PayPal, Startec or Heidelpay. By selecting this payment option, the person concerned consents to the transfer of personal data required for payment processing.<\/span><\/p>\n<p><span style=\"color: #808080;\">The personal data transmitted to PayPal, Startec or Heidelpay is generally first name, last name, address, e-mail address, IP address, telephone number, mobile phone number or other data required for payment processing. Personal data in connection with the respective order are also necessary for the processing of the purchase contract.<\/span><\/p>\n<p><span style=\"color: #808080;\">This data is transmitted for payment processing and fraud prevention purposes. We transmit personal data to PayPal, Startec or Heidelpay in particular if there is a legitimate interest in the transmission. Personal information exchanged between us and PayPal, Startec or Heidelpay may be transferred by PayPal or Heidelpay to credit agencies. The purpose of this transmission is to verify identity and creditworthiness.<\/span><\/p>\n<p><span style=\"color: #808080;\">PayPal, Startec or Heidelpay may pass on personal data to affiliated companies and service providers or subcontractors to the extent necessary to fulfil the contract. You can revoke your consent to the handling of personal data at any time to PayPal, Startec or Heidelpay. However, a revocation does not affect personal data that must be processed, used or transmitted for (contractual) payment processing.<\/span><\/p>\n<p><span style=\"color: #808080;\">PayPal&#8217;s current privacy policy can be found at <a style=\"color: #808080;\" href=\"https:\/\/www.paypal.com\/de\/webapps\/mpp\/ua\/privacy-full\">https:\/\/www.paypal.com\/de\/webapps\/mpp\/ua\/privacy-full<\/a>.<\/span><br \/>\n<span style=\"color: #808080;\"> The valid data security regulations of heidelpay can be called up under <a style=\"color: #808080;\" href=\"https:\/\/www.heidelpay.com\/de\/datenschutz\/\">https:\/\/www.heidelpay.com\/de\/datenschutz\/<\/a>.<\/span><br \/>\n<span style=\"color: #808080;\"> The applicable Startec privacy policy can be found at <a style=\"color: #808080;\" href=\"http:\/\/startec-payment.de\/de\/datenschutz\/\">http:\/\/startec-payment.de\/de\/datenschutz\/<\/a>.<\/span><\/p>\n<p><span style=\"color: #333333;\"><strong>Information about your right<\/strong><\/span><\/p>\n<p><span style=\"color: #333333;\"><strong>&#8211; Right to <\/strong><strong>rectification<\/strong> <strong>according to Art. 16 GDPR:<\/strong><\/span><\/p>\n<p><span style=\"color: #808080;\">You have the right to request the person responsible to correct your incorrect personal data without delay. Taking into account the purposes of the processing, you have the right to request the completion of incomplete personal data &#8211; also by means of a supplementary declaration.<\/span><\/p>\n<p><span style=\"color: #333333;\"><strong>\u00a0&#8211; <\/strong><strong>Right to erasure (&#8220;right to be forgotten&#8221;) according to Art. 17 GDPR:<\/strong><\/span><\/p>\n<p><span style=\"color: #808080;\">You have the right to demand that the person responsible delete your data immediately. The person responsible is obliged to delete personal data immediately if one of the following reasons applies:<\/span><\/p>\n<ol>\n<li><span style=\"color: #808080;\">a) purposes for which the personal data was collected no longer apply<\/span><\/li>\n<li><span style=\"color: #808080;\">b) You revoke your consent to the processing. There is no other legal basis for the processing.<\/span><\/li>\n<li><span style=\"color: #808080;\">c) you object to the processing. There is no other legal basis for the processing.<\/span><\/li>\n<li><span style=\"color: #808080;\">d) The personal data have been processed unlawfully.<\/span><\/li>\n<li><span style=\"color: #808080;\">e) The deletion of personal data is necessary to fulfil a legal obligation under Union law or the law of the Member States to which the data controller is subject.<\/span><\/li>\n<li><span style=\"color: #808080;\">f) the personal data have been collected in relation to information society services provided in accordance with Article 8(1).<\/span><\/li>\n<\/ol>\n<p><span style=\"color: #333333;\"><strong>&#8211; Right to restriction of processing in accordance with Art. 18 GDPR&amp;. \u00a7 35 BDSG:<\/strong><\/span><\/p>\n<p><span style=\"color: #808080;\">You have the right to request a limitation of the processing if one of the following conditions is met:<\/span><\/p>\n<ol>\n<li><span style=\"color: #808080;\">a) You doubt the accuracy of the personal data.<\/span><\/li>\n<li><span style=\"color: #808080;\">b) the processing is unlawful, but you refuse to delete it.<\/span><\/li>\n<li><span style=\"color: #808080;\">c) Personal data is no longer required for the purposes of processing; however, you will need the data to assert, exercise or defend legal claims.<\/span><\/li>\n<li><span style=\"color: #808080;\">d) You have filed an objection against the processing pursuant to Art. 21 para. 1 GDPR. As long as it has not yet been determined whether the legitimate reasons of the responsible person outweigh you, the processing will be restricted.<\/span><\/li>\n<\/ol>\n<p><span style=\"color: #333333;\"><strong>&#8211; Right to data portability in accordance with Art. 20 GDPR:<\/strong><\/span><\/p>\n<p><span style=\"color: #808080;\">You have the right to receive the data provided by you in a structured, common and machine-readable format from the person responsible. A forwarding to another responsible person may not be hindered by us.<\/span><\/p>\n<p><span style=\"color: #333333;\"><strong>&#8211; <\/strong><strong>Right to object according to Art. 21 GDPR:<\/strong><\/span><\/p>\n<p><span style=\"color: #808080;\">To do this, please contact the person responsible for processing (see above)<\/span><\/p>\n<p><span style=\"color: #333333;\"><strong>&#8211; <\/strong><strong>Right of appeal to the supervisory authority pursuant to Art. 13 para. 2 lit. d, 77 GDPR V. m \u00a7 19 BDSG:<\/strong><\/span><\/p>\n<p><span style=\"color: #808080;\">If you believe that the processing of your data violates the DS GMO, you have the right to lodge a complaint with the regulatory authority. For this purpose, please contact the responsible supervisory authority.<\/span><\/p>\n<p><span style=\"color: #333333;\"><strong>&#8211; Withdrawal of consent pursuant to Art. 7 para. 3 GDPR:<\/strong><\/span><\/p>\n<p><span style=\"color: #808080;\">If the processing is based on your consent in accordance with Art. 6 para. 1 lit. a or Art. 9 para. 2 lit. a (processing of special categories of personal data), you are entitled to withdraw the appropriately bound consent at any time without affecting the legality of the processing carried out on the basis of the consent until revocation.<\/span><\/p>\n<p><span style=\"color: #333333;\"><strong>For further information, please contact<\/strong><\/span><\/p>\n<p><span style=\"color: #808080;\">Your trust is important to us. Therefore, we would like to be available to answer your questions regarding the dissemination of your personal data at any time. If you have any questions that this data protection declaration could not answer, or if you would like more detailed information on any point, please contact info@4evertrend.com.<\/span><\/p>\n<p><span style=\"color: #808080;\">Our business is constantly changing. This Privacy Policy and our Terms of Use will also change. We reserve the right to send you information about our guidelines within certain periods of time. Nevertheless, you should visit our website regularly and take note of any changes. Unless otherwise agreed, the use of all information we have about you and your customer accounts is subject to this Privacy Policy. We assure you that we will only make significant changes to our data protection declaration, which will lead to a weaker protection of customer data already received, with the consent of the customers concerned.<\/span><\/p>\n<p><span style=\"color: #808080;\">Data protection declaration of<\/span><\/p>\n<p><span style=\"color: #333333;\"><strong>4everTREND GmbH<\/strong><\/span><\/p>\n<p><span style=\"color: #808080;\">Status: May 2018<\/span><\/p>\n<p><span style=\"color: #808080;\"><strong>\u00a0<\/strong><\/span><\/p>\n<p><span style=\"color: #808080;\"><strong>\u00a0<\/strong><\/span><\/p>\n<p><span style=\"color: #808080;\"><strong>\u00a0<\/strong><\/span><\/p>\n<p><span style=\"color: #808080;\"><strong>\u00a0<\/strong><\/span>[\/vc_column_text][\/vc_column_inner][\/vc_row_inner][\/vc_column][\/vc_row][vc_row type=&#8221;container&#8221; padding_top=&#8221;&#8221; padding_bottom=&#8221;&#8221;][vc_column][vc_widget_sidebar sidebar_id=&#8221;sidebar-1&#8243; el_class=&#8221;footer-box megamenu2 menu-full-width&#8221;][\/vc_column][\/vc_row]<\/p>\n<\/div>","protected":false},"excerpt":{"rendered":"<p>[vc_row type=&#8221;container&#8221; padding_top=&#8221;&#8221; padding_bottom=&#8221;&#8221; el_class=&#8221;info-inner-head&#8221;][vc_column][vc_row_inner el_class=&#8221;info-page-container&#8221;][vc_column_inner][vc_column_text]DATA PROTECTION Data protection and privacy rights for[\/vc_column_text][\/vc_column_inner][\/vc_row_inner][\/vc_column][\/vc_row][vc_row type=&#8221;container&#8221; padding_top=&#8221;&#8221; padding_bottom=&#8221;&#8221; el_class=&#8221;info-page-container small-center-img info-page-main&#8221; css=&#8221;.vc_custom_1453917954808{padding-top: 30px !important;}&#8221;][vc_column][vc_row_inner][vc_column_inner][vc_column_text]Data protection declaration of 4everTREND GmbH Sch\u00f6nstra\u00dfe 10 | 81543 M\u00fcnchen Phone: +49 89 630205300 E-Mail: info@4evertrend.com Contact details of the data protection officer E-Mail: dsb@4evertrend.com Phone: +49 89 630205300 Thank you for your [&hellip;]<\/p>\n","protected":false},"author":1,"featured_media":0,"parent":2660,"menu_order":0,"comment_status":"closed","ping_status":"closed","template":"page-full-width.php","meta":{"_acf_changed":false,"footnotes":""},"class_list":["post-2795","page","type-page","status-publish","hentry"],"acf":[],"_links":{"self":[{"href":"https:\/\/paradoxtime.com\/en\/wp-json\/wp\/v2\/pages\/2795","targetHints":{"allow":["GET"]}}],"collection":[{"href":"https:\/\/paradoxtime.com\/en\/wp-json\/wp\/v2\/pages"}],"about":[{"href":"https:\/\/paradoxtime.com\/en\/wp-json\/wp\/v2\/types\/page"}],"author":[{"embeddable":true,"href":"https:\/\/paradoxtime.com\/en\/wp-json\/wp\/v2\/users\/1"}],"replies":[{"embeddable":true,"href":"https:\/\/paradoxtime.com\/en\/wp-json\/wp\/v2\/comments?post=2795"}],"version-history":[{"count":12,"href":"https:\/\/paradoxtime.com\/en\/wp-json\/wp\/v2\/pages\/2795\/revisions"}],"predecessor-version":[{"id":7852,"href":"https:\/\/paradoxtime.com\/en\/wp-json\/wp\/v2\/pages\/2795\/revisions\/7852"}],"up":[{"embeddable":true,"href":"https:\/\/paradoxtime.com\/en\/wp-json\/wp\/v2\/pages\/2660"}],"wp:attachment":[{"href":"https:\/\/paradoxtime.com\/en\/wp-json\/wp\/v2\/media?parent=2795"}],"curies":[{"name":"wp","href":"https:\/\/api.w.org\/{rel}","templated":true}]}}